{"id":106,"date":"2021-07-14T22:55:18","date_gmt":"2021-07-15T03:55:18","guid":{"rendered":"https:\/\/tls.pe\/?post_type=product&#038;p=106"},"modified":"2025-05-18T16:32:59","modified_gmt":"2025-05-18T21:32:59","slug":"casco-wingspan-2","status":"publish","type":"product","link":"https:\/\/tls.pe\/index.php\/product\/casco-wingspan-2\/","title":{"rendered":"Casco Wingspan"},"content":{"rendered":"<dl>\n<dd>La\u00a0<strong>m\u00e1xima excelencia<\/strong>\u00a0en investigaci\u00f3n y desarrollo, el uso de tecnolog\u00edas y materiales\u00a0<strong>avanzados<\/strong>\u00a0y una atenci\u00f3n minuciosa a los detalles. Estos son los principios de\u00a0<strong>Rudy<\/strong>\u00a0Project que han hecho cobrar vida al nuevo casco Wingspan. Comenzando por su nombre, el Wingspan evoca la energ\u00eda y la libertad de volar que, en el deporte, se traduce en velocidad y ligereza.<\/dd>\n<\/dl>\n<dl>\n<dd>Dise\u00f1ado para\u00a0<strong>contrarrelojes<\/strong>, este casco est\u00e1 caracterizado por su forma compacta y optimizada, y tiene amplias ranuras de ventilaci\u00f3n que favorecen una circulaci\u00f3n de aire constante sin sacrificar su aerodin\u00e1mica general.<\/dd>\n<dd><\/dd>\n<\/dl>\n<dl>\n<dd>Demostrando que Rudy Project siempre ofrece lo mejor para obtener las mejores soluciones t\u00e9cnicas, Wingspan ha sido probado en un t\u00fanel de viento en Charlotte, Carolina del Norte. Bajo la experta atenci\u00f3n de\u00a0<strong>John Cobb<\/strong>, el gur\u00fa de la aerodin\u00e1mica en EE.UU. en el campo del\u00a0<strong>ciclismo<\/strong>, el Wingspan fue sometido a diversas pruebas exhaustivas que hicieron posible adoptar las medidas necesarias para\u00a0<strong>perfeccionar su rendimiento<\/strong>. Gracias a un trabajo de equipo amplio y preciso, se logr\u00f3 configurar todos sus aspectos, incluso los detalles m\u00e1s peque\u00f1os, traduci\u00e9ndolos en valiosos segundos de ventaja contrarreloj. Posteriormente, se hicieron pruebas directamente en competici\u00f3n. De hecho, en el \u00faltimo Tour de Francia, Wingspan compiti\u00f3 junto con algunos de los ciclistas m\u00e1s potentes.<\/dd>\n<\/dl>\n<dl>\n<dd><strong>C\u00f3modo y vers\u00e1til<\/strong>, el casco Wingspan puede usarse de diferentes modos: \"cerrado\u201d, es decir, con la protecci\u00f3n frontal (tambi\u00e9n \u00fatil contra los insectos), y la cubierta de cola, necesarios para obtener el m\u00e1ximo rendimiento aerodin\u00e1mico; y \u201cabierto\u201d, es decir, sin protecciones ni cubiertas para garantizar la m\u00e1xima ventilaci\u00f3n interna.<\/dd>\n<dd><\/dd>\n<dd>La estructura est\u00e1 realizada con\u00a0<strong>tecnolog\u00eda In-moliding,<\/strong>\u00a0que hace que el casco sea muy robusto y, al mismo tiempo, se encuentre entre los m\u00e1s ligeros del mercado (solo 280g). La altura del sistema antideslizante se ajusta en tres posiciones para garantizar su\u00a0<strong>adaptaci\u00f3n ergon\u00f3mica.<\/strong><\/dd>\n<\/dl>\n","protected":false},"excerpt":{"rendered":"<p>Ideal para Triatl\u00f3n y Contra Reloj<\/p>\n<p>Color: White\/Black<\/p>\n<p>Peso: 280 gramos<\/p>\n<p>Talla: Unisize<\/p>\n","protected":false},"featured_media":97,"comment_status":"open","ping_status":"closed","template":"","meta":[],"product_cat":[16],"product_tag":[],"class_list":["post-106","product","type-product","status-publish","has-post-thumbnail","hentry","product_cat-cascos"],"_links":{"self":[{"href":"https:\/\/tls.pe\/index.php\/wp-json\/wp\/v2\/product\/106","targetHints":{"allow":["GET"]}}],"collection":[{"href":"https:\/\/tls.pe\/index.php\/wp-json\/wp\/v2\/product"}],"about":[{"href":"https:\/\/tls.pe\/index.php\/wp-json\/wp\/v2\/types\/product"}],"replies":[{"embeddable":true,"href":"https:\/\/tls.pe\/index.php\/wp-json\/wp\/v2\/comments?post=106"}],"wp:featuredmedia":[{"embeddable":true,"href":"https:\/\/tls.pe\/index.php\/wp-json\/wp\/v2\/media\/97"}],"wp:attachment":[{"href":"https:\/\/tls.pe\/index.php\/wp-json\/wp\/v2\/media?parent=106"}],"wp:term":[{"taxonomy":"product_cat","embeddable":true,"href":"https:\/\/tls.pe\/index.php\/wp-json\/wp\/v2\/product_cat?post=106"},{"taxonomy":"product_tag","embeddable":true,"href":"https:\/\/tls.pe\/index.php\/wp-json\/wp\/v2\/product_tag?post=106"}],"curies":[{"name":"wp","href":"https:\/\/api.w.org\/{rel}","templated":true}]}}