{"id":107,"date":"2021-07-14T22:55:22","date_gmt":"2021-07-15T03:55:22","guid":{"rendered":"https:\/\/tls.pe\/?post_type=product&#038;p=107"},"modified":"2021-10-26T15:04:59","modified_gmt":"2021-10-26T20:04:59","slug":"casco-windmax-2","status":"publish","type":"product","link":"https:\/\/tls.pe\/index.php\/product\/casco-windmax-2\/","title":{"rendered":"Casco Windmax"},"content":{"rendered":"<p>El casco Windmax se trata de un casco de altas prestaciones dise\u00f1ado por la moderna e innovadora marca Rudy Project.<\/p>\n<p>Con un dise\u00f1o agresivo y vanguardista, este es un casco ideal tanto para ciclismo de carretera como MTB.<\/p>\n<p>El Windmax ha sido elaborado con fibra polim\u00e9rica, que refuerza la carcasa de policarbonato y su cuerpo in-molded, dot\u00e1ndolo de una gran ligereza (220 gramos). El tejido de refuerzo Fibratek Geometry ofrece un plus de seguridad, y el sistema de retenci\u00f3n RSR8 Retention System asegura un ajuste perfecto y gran confort. El casco cuenta con regulaci\u00f3n microm\u00e9trica, y sus adhesivos reflectantes incrementan la visibilidad cuando escasea la luz. Para asegurar la ventilaci\u00f3n y la refrigeraci\u00f3n durante el ejercicio, el casco cuenta con hasta 21 aberturas de aire y un forro de piel que protege contra los insectos.<\/p>\n","protected":false},"excerpt":{"rendered":"<p>Peso: 220 gramos<\/p>\n","protected":false},"featured_media":99,"comment_status":"open","ping_status":"closed","template":"","meta":[],"product_cat":[16],"product_tag":[],"class_list":["post-107","product","type-product","status-publish","has-post-thumbnail","hentry","product_cat-cascos"],"_links":{"self":[{"href":"https:\/\/tls.pe\/index.php\/wp-json\/wp\/v2\/product\/107","targetHints":{"allow":["GET"]}}],"collection":[{"href":"https:\/\/tls.pe\/index.php\/wp-json\/wp\/v2\/product"}],"about":[{"href":"https:\/\/tls.pe\/index.php\/wp-json\/wp\/v2\/types\/product"}],"replies":[{"embeddable":true,"href":"https:\/\/tls.pe\/index.php\/wp-json\/wp\/v2\/comments?post=107"}],"wp:featuredmedia":[{"embeddable":true,"href":"https:\/\/tls.pe\/index.php\/wp-json\/wp\/v2\/media\/99"}],"wp:attachment":[{"href":"https:\/\/tls.pe\/index.php\/wp-json\/wp\/v2\/media?parent=107"}],"wp:term":[{"taxonomy":"product_cat","embeddable":true,"href":"https:\/\/tls.pe\/index.php\/wp-json\/wp\/v2\/product_cat?post=107"},{"taxonomy":"product_tag","embeddable":true,"href":"https:\/\/tls.pe\/index.php\/wp-json\/wp\/v2\/product_tag?post=107"}],"curies":[{"name":"wp","href":"https:\/\/api.w.org\/{rel}","templated":true}]}}