{"id":108,"date":"2021-07-14T22:55:30","date_gmt":"2021-07-15T03:55:30","guid":{"rendered":"https:\/\/tls.pe\/?post_type=product&#038;p=108"},"modified":"2021-10-26T15:04:12","modified_gmt":"2021-10-26T20:04:12","slug":"casco-sterling","status":"publish","type":"product","link":"https:\/\/tls.pe\/index.php\/product\/casco-sterling\/","title":{"rendered":"Casco Sterling"},"content":{"rendered":"<p>Indispensable para protegerse, fundamental para optimizar el tiempo: en carrera el casco puede marcar una diferencia, incluso en t\u00e9rminos de estilo. Para ello, Rudy Project desde siempre ha marcado tendencias en gafas y cascos deportivos, propone nuevas y atractivas versiones crom\u00e1ticas para su modelo m\u00e1s apreciado: Sterling.<\/p>\n<p>Sterling tambi\u00e9n tiene un ajuste muy c\u00f3modo, gracias al sistema de retenci\u00f3n, ajustable en tres posiciones de altura, y un exclusivo sistema de bucle de correa \u00fanica que permite ajustes r\u00e1pidos y precisos de las correas, con cierre operado por un control deslizante incluso en movimiento.<\/p>\n","protected":false},"excerpt":{"rendered":"<p>Peso: 320 gramos<\/p>\n","protected":false},"featured_media":128,"comment_status":"open","ping_status":"closed","template":"","meta":[],"product_cat":[16],"product_tag":[],"class_list":["post-108","product","type-product","status-publish","has-post-thumbnail","hentry","product_cat-cascos"],"_links":{"self":[{"href":"https:\/\/tls.pe\/index.php\/wp-json\/wp\/v2\/product\/108","targetHints":{"allow":["GET"]}}],"collection":[{"href":"https:\/\/tls.pe\/index.php\/wp-json\/wp\/v2\/product"}],"about":[{"href":"https:\/\/tls.pe\/index.php\/wp-json\/wp\/v2\/types\/product"}],"replies":[{"embeddable":true,"href":"https:\/\/tls.pe\/index.php\/wp-json\/wp\/v2\/comments?post=108"}],"wp:featuredmedia":[{"embeddable":true,"href":"https:\/\/tls.pe\/index.php\/wp-json\/wp\/v2\/media\/128"}],"wp:attachment":[{"href":"https:\/\/tls.pe\/index.php\/wp-json\/wp\/v2\/media?parent=108"}],"wp:term":[{"taxonomy":"product_cat","embeddable":true,"href":"https:\/\/tls.pe\/index.php\/wp-json\/wp\/v2\/product_cat?post=108"},{"taxonomy":"product_tag","embeddable":true,"href":"https:\/\/tls.pe\/index.php\/wp-json\/wp\/v2\/product_tag?post=108"}],"curies":[{"name":"wp","href":"https:\/\/api.w.org\/{rel}","templated":true}]}}