{"id":109,"date":"2021-07-14T22:55:38","date_gmt":"2021-07-15T03:55:38","guid":{"rendered":"https:\/\/tls.pe\/?post_type=product&#038;p=109"},"modified":"2021-10-26T15:03:42","modified_gmt":"2021-10-26T20:03:42","slug":"casco-airstorm","status":"publish","type":"product","link":"https:\/\/tls.pe\/index.php\/product\/casco-airstorm\/","title":{"rendered":"Casco Airstorm"},"content":{"rendered":"<p>El dise\u00f1o agresivo, la ventilaci\u00f3n m\u00e1xima y el ajuste c\u00f3modo hacen que el Airstorm sea un casco perfecto para el camino y el ciclismo de monta\u00f1a. El forro interno est\u00e1 formado para impulsar la circulaci\u00f3n del aire. El Airstorm tiene un visera desprendible para realzar la protecci\u00f3n contra los rayos del sol, los elementos atmosf\u00e9ricos y los obst\u00e1culos.<\/p>\n","protected":false},"excerpt":{"rendered":"<p>Peso: 270 gramos<\/p>\n","protected":false},"featured_media":115,"comment_status":"open","ping_status":"closed","template":"","meta":[],"product_cat":[16],"product_tag":[],"class_list":["post-109","product","type-product","status-publish","has-post-thumbnail","hentry","product_cat-cascos"],"_links":{"self":[{"href":"https:\/\/tls.pe\/index.php\/wp-json\/wp\/v2\/product\/109","targetHints":{"allow":["GET"]}}],"collection":[{"href":"https:\/\/tls.pe\/index.php\/wp-json\/wp\/v2\/product"}],"about":[{"href":"https:\/\/tls.pe\/index.php\/wp-json\/wp\/v2\/types\/product"}],"replies":[{"embeddable":true,"href":"https:\/\/tls.pe\/index.php\/wp-json\/wp\/v2\/comments?post=109"}],"wp:featuredmedia":[{"embeddable":true,"href":"https:\/\/tls.pe\/index.php\/wp-json\/wp\/v2\/media\/115"}],"wp:attachment":[{"href":"https:\/\/tls.pe\/index.php\/wp-json\/wp\/v2\/media?parent=109"}],"wp:term":[{"taxonomy":"product_cat","embeddable":true,"href":"https:\/\/tls.pe\/index.php\/wp-json\/wp\/v2\/product_cat?post=109"},{"taxonomy":"product_tag","embeddable":true,"href":"https:\/\/tls.pe\/index.php\/wp-json\/wp\/v2\/product_tag?post=109"}],"curies":[{"name":"wp","href":"https:\/\/api.w.org\/{rel}","templated":true}]}}