{"id":110,"date":"2021-07-14T22:55:45","date_gmt":"2021-07-15T03:55:45","guid":{"rendered":"https:\/\/tls.pe\/?post_type=product&#038;p=110"},"modified":"2021-10-26T15:02:49","modified_gmt":"2021-10-26T20:02:49","slug":"casco-zumax-2","status":"publish","type":"product","link":"https:\/\/tls.pe\/index.php\/product\/casco-zumax-2\/","title":{"rendered":"Casco Zumax"},"content":{"rendered":"<p>El Zumax es un moderno casco de gama media de la marca Rudy Project. Con una excelente relaci\u00f3n calidad-precio, este aerodin\u00e1mico casco se puede usar tanto para ciclismo de carretera como para MTB.<\/p>\n<p>Confeccionado con la famosa tecnolog\u00eda in-mold, que ofrece seguridad y confort por partes iguales gracias a su interior de espuma acolchada. Su alt\u00edsima resistencia a los impactos no evita que se trate de un casco muy ligero (250 gramos). El sistema de retenci\u00f3n RSR7 cuenta con dos posiciones de altura ajustables, que sumados a su cierre microm\u00e9trico aseguran un ajuste perfecto a la cabeza. Adem\u00e1s, sus 21 aberturas de aire aseguran una total ventilaci\u00f3n y circulaci\u00f3n de aire durante el ejercicio.<br \/>\nIncluye: Visera extra\u00edble Quick Snap para MTB \/ Acolchado interno intercambiable.<\/p>\n<p>Caracter\u00edsticas:<br \/>\n- Casco de gama media para ciclismo de carretera y MTB.<br \/>\n- Estructura confeccionada con tecnolog\u00eda in-mold.<br \/>\n- Interior de espuma acolchada para un gran confort.<br \/>\n- Sistema de retenci\u00f3n RSR7 con dos posiciones de altura ajustables.<br \/>\n- Cierre microm\u00e9trico.<br \/>\n- 21 aberturas de aire para una \u00f3ptima ventilaci\u00f3n.<br \/>\n- Incluye una visera extra\u00edble para MTB.<br \/>\n- Peso: 250 gramos (54-58 com.)<\/p>\n<p>Acerca de la marca RUDY PROJECT<\/p>\n<p>Los art\u00edculos ciclismo de la marca Rudy Project se caracterizan por su dise\u00f1o, espec\u00edficamente creado para la pr\u00e1ctica del deporte. La marca internacional ha sabido hacerse un hueco entre los practicantes y hoy en d\u00eda es una de las marcas de ciclismo m\u00e1s conocidas.<\/p>\n","protected":false},"excerpt":{"rendered":"<p>Peso: 270 gramos<\/p>\n","protected":false},"featured_media":125,"comment_status":"open","ping_status":"closed","template":"","meta":[],"product_cat":[16],"product_tag":[],"class_list":["post-110","product","type-product","status-publish","has-post-thumbnail","hentry","product_cat-cascos"],"_links":{"self":[{"href":"https:\/\/tls.pe\/index.php\/wp-json\/wp\/v2\/product\/110","targetHints":{"allow":["GET"]}}],"collection":[{"href":"https:\/\/tls.pe\/index.php\/wp-json\/wp\/v2\/product"}],"about":[{"href":"https:\/\/tls.pe\/index.php\/wp-json\/wp\/v2\/types\/product"}],"replies":[{"embeddable":true,"href":"https:\/\/tls.pe\/index.php\/wp-json\/wp\/v2\/comments?post=110"}],"wp:featuredmedia":[{"embeddable":true,"href":"https:\/\/tls.pe\/index.php\/wp-json\/wp\/v2\/media\/125"}],"wp:attachment":[{"href":"https:\/\/tls.pe\/index.php\/wp-json\/wp\/v2\/media?parent=110"}],"wp:term":[{"taxonomy":"product_cat","embeddable":true,"href":"https:\/\/tls.pe\/index.php\/wp-json\/wp\/v2\/product_cat?post=110"},{"taxonomy":"product_tag","embeddable":true,"href":"https:\/\/tls.pe\/index.php\/wp-json\/wp\/v2\/product_tag?post=110"}],"curies":[{"name":"wp","href":"https:\/\/api.w.org\/{rel}","templated":true}]}}