{"id":111,"date":"2021-07-14T22:55:46","date_gmt":"2021-07-15T03:55:46","guid":{"rendered":"https:\/\/tls.pe\/?post_type=product&#038;p=111"},"modified":"2021-10-26T15:02:19","modified_gmt":"2021-10-26T20:02:19","slug":"casco-slinger","status":"publish","type":"product","link":"https:\/\/tls.pe\/index.php\/product\/casco-slinger\/","title":{"rendered":"Casco Slinger"},"content":{"rendered":"<p>L\u00ednea agresiva, de dise\u00f1o innovador y de alto rendimiento. Estas son algunas de las caracter\u00edsticas del nuevo modelo de casco Slinger. El relleno es de espuma microporosa envuelta en terciopelo anti-al\u00e9rgico y anti-sudor. Dise\u00f1ado para satisfacer las necesidades de la bici de carretera.<\/p>\n","protected":false},"excerpt":{"rendered":"<p>Peso: 320 gramos<\/p>\n","protected":false},"featured_media":123,"comment_status":"open","ping_status":"closed","template":"","meta":[],"product_cat":[16],"product_tag":[],"class_list":["post-111","product","type-product","status-publish","has-post-thumbnail","hentry","product_cat-cascos"],"_links":{"self":[{"href":"https:\/\/tls.pe\/index.php\/wp-json\/wp\/v2\/product\/111","targetHints":{"allow":["GET"]}}],"collection":[{"href":"https:\/\/tls.pe\/index.php\/wp-json\/wp\/v2\/product"}],"about":[{"href":"https:\/\/tls.pe\/index.php\/wp-json\/wp\/v2\/types\/product"}],"replies":[{"embeddable":true,"href":"https:\/\/tls.pe\/index.php\/wp-json\/wp\/v2\/comments?post=111"}],"wp:featuredmedia":[{"embeddable":true,"href":"https:\/\/tls.pe\/index.php\/wp-json\/wp\/v2\/media\/123"}],"wp:attachment":[{"href":"https:\/\/tls.pe\/index.php\/wp-json\/wp\/v2\/media?parent=111"}],"wp:term":[{"taxonomy":"product_cat","embeddable":true,"href":"https:\/\/tls.pe\/index.php\/wp-json\/wp\/v2\/product_cat?post=111"},{"taxonomy":"product_tag","embeddable":true,"href":"https:\/\/tls.pe\/index.php\/wp-json\/wp\/v2\/product_tag?post=111"}],"curies":[{"name":"wp","href":"https:\/\/api.w.org\/{rel}","templated":true}]}}