{"id":112,"date":"2021-07-14T22:55:48","date_gmt":"2021-07-15T03:55:48","guid":{"rendered":"https:\/\/tls.pe\/?post_type=product&#038;p=112"},"modified":"2021-10-26T14:59:37","modified_gmt":"2021-10-26T19:59:37","slug":"casco-rush-2","status":"publish","type":"product","link":"https:\/\/tls.pe\/index.php\/product\/casco-rush-2\/","title":{"rendered":"Casco Rush"},"content":{"rendered":"<p>Rush es el casco dedicado a aquellos que quieren combinar el rendimiento y la excelente relaci\u00f3n calidad-precio. Rush integra la avanzada tecnolog\u00eda de los proyectos Rudy para brindar protecci\u00f3n y comodidad a la vez que mantiene un precio muy competitivo.<\/p>\n","protected":false},"excerpt":{"rendered":"<p>Peso: 230 gramos<\/p>\n","protected":false},"featured_media":120,"comment_status":"open","ping_status":"closed","template":"","meta":[],"product_cat":[16],"product_tag":[],"class_list":["post-112","product","type-product","status-publish","has-post-thumbnail","hentry","product_cat-cascos"],"_links":{"self":[{"href":"https:\/\/tls.pe\/index.php\/wp-json\/wp\/v2\/product\/112","targetHints":{"allow":["GET"]}}],"collection":[{"href":"https:\/\/tls.pe\/index.php\/wp-json\/wp\/v2\/product"}],"about":[{"href":"https:\/\/tls.pe\/index.php\/wp-json\/wp\/v2\/types\/product"}],"replies":[{"embeddable":true,"href":"https:\/\/tls.pe\/index.php\/wp-json\/wp\/v2\/comments?post=112"}],"wp:featuredmedia":[{"embeddable":true,"href":"https:\/\/tls.pe\/index.php\/wp-json\/wp\/v2\/media\/120"}],"wp:attachment":[{"href":"https:\/\/tls.pe\/index.php\/wp-json\/wp\/v2\/media?parent=112"}],"wp:term":[{"taxonomy":"product_cat","embeddable":true,"href":"https:\/\/tls.pe\/index.php\/wp-json\/wp\/v2\/product_cat?post=112"},{"taxonomy":"product_tag","embeddable":true,"href":"https:\/\/tls.pe\/index.php\/wp-json\/wp\/v2\/product_tag?post=112"}],"curies":[{"name":"wp","href":"https:\/\/api.w.org\/{rel}","templated":true}]}}