{"id":113,"date":"2021-07-14T22:55:51","date_gmt":"2021-07-15T03:55:51","guid":{"rendered":"https:\/\/tls.pe\/?post_type=product&#038;p=113"},"modified":"2021-10-26T14:59:11","modified_gmt":"2021-10-26T19:59:11","slug":"casco-snuggy","status":"publish","type":"product","link":"https:\/\/tls.pe\/index.php\/product\/casco-snuggy\/","title":{"rendered":"Casco Snuggy"},"content":{"rendered":"<p>L\u00edneas suaves y actitud deportiva en un casco ligero y funcional. El dise\u00f1o compacto de Snuggy es el resultado de un concepto centrado en mejorar las cualidades de un casco estable, ligero y con ventilaci\u00f3n uniforme.<\/p>\n<p>Snuggy tambi\u00e9n se recomienda para ni\u00f1os mayores de 14 a\u00f1os.<\/p>\n","protected":false},"excerpt":{"rendered":"<p>Peso: 230 gramos<\/p>\n","protected":false},"featured_media":117,"comment_status":"open","ping_status":"closed","template":"","meta":[],"product_cat":[16],"product_tag":[],"class_list":["post-113","product","type-product","status-publish","has-post-thumbnail","hentry","product_cat-cascos"],"_links":{"self":[{"href":"https:\/\/tls.pe\/index.php\/wp-json\/wp\/v2\/product\/113","targetHints":{"allow":["GET"]}}],"collection":[{"href":"https:\/\/tls.pe\/index.php\/wp-json\/wp\/v2\/product"}],"about":[{"href":"https:\/\/tls.pe\/index.php\/wp-json\/wp\/v2\/types\/product"}],"replies":[{"embeddable":true,"href":"https:\/\/tls.pe\/index.php\/wp-json\/wp\/v2\/comments?post=113"}],"wp:featuredmedia":[{"embeddable":true,"href":"https:\/\/tls.pe\/index.php\/wp-json\/wp\/v2\/media\/117"}],"wp:attachment":[{"href":"https:\/\/tls.pe\/index.php\/wp-json\/wp\/v2\/media?parent=113"}],"wp:term":[{"taxonomy":"product_cat","embeddable":true,"href":"https:\/\/tls.pe\/index.php\/wp-json\/wp\/v2\/product_cat?post=113"},{"taxonomy":"product_tag","embeddable":true,"href":"https:\/\/tls.pe\/index.php\/wp-json\/wp\/v2\/product_tag?post=113"}],"curies":[{"name":"wp","href":"https:\/\/api.w.org\/{rel}","templated":true}]}}