{"id":114,"date":"2021-07-14T22:55:56","date_gmt":"2021-07-15T03:55:56","guid":{"rendered":"https:\/\/tls.pe\/?post_type=product&#038;p=114"},"modified":"2021-10-26T14:57:24","modified_gmt":"2021-10-26T19:57:24","slug":"casco-jockey","status":"publish","type":"product","link":"https:\/\/tls.pe\/index.php\/product\/casco-jockey\/","title":{"rendered":"Casco Jockey"},"content":{"rendered":"<p>El Casco Rudy Project Jockey para ni\u00f1os tiene una estructura compacta y alto nivel de protecci\u00f3n. Cuenta con estampas reflectantes para una mejor visibilidad sobre el usuario, a\u00fan en condiciones bajas de luz. Es resistente a impactos gracias a su tecnolog\u00eda In-Mold, su ajuste garantiza estabilidad excepcional y sus 8 ranuras de ventilaci\u00f3n proporcionan un adecuado flujo de aire.<\/p>\n","protected":false},"excerpt":{"rendered":"<p>Peso: 210 gramos<\/p>\n","protected":false},"featured_media":119,"comment_status":"open","ping_status":"closed","template":"","meta":[],"product_cat":[16],"product_tag":[],"class_list":["post-114","product","type-product","status-publish","has-post-thumbnail","hentry","product_cat-cascos"],"_links":{"self":[{"href":"https:\/\/tls.pe\/index.php\/wp-json\/wp\/v2\/product\/114","targetHints":{"allow":["GET"]}}],"collection":[{"href":"https:\/\/tls.pe\/index.php\/wp-json\/wp\/v2\/product"}],"about":[{"href":"https:\/\/tls.pe\/index.php\/wp-json\/wp\/v2\/types\/product"}],"replies":[{"embeddable":true,"href":"https:\/\/tls.pe\/index.php\/wp-json\/wp\/v2\/comments?post=114"}],"wp:featuredmedia":[{"embeddable":true,"href":"https:\/\/tls.pe\/index.php\/wp-json\/wp\/v2\/media\/119"}],"wp:attachment":[{"href":"https:\/\/tls.pe\/index.php\/wp-json\/wp\/v2\/media?parent=114"}],"wp:term":[{"taxonomy":"product_cat","embeddable":true,"href":"https:\/\/tls.pe\/index.php\/wp-json\/wp\/v2\/product_cat?post=114"},{"taxonomy":"product_tag","embeddable":true,"href":"https:\/\/tls.pe\/index.php\/wp-json\/wp\/v2\/product_tag?post=114"}],"curies":[{"name":"wp","href":"https:\/\/api.w.org\/{rel}","templated":true}]}}