{"id":341,"date":"2021-08-09T22:37:48","date_gmt":"2021-08-10T03:37:48","guid":{"rendered":"https:\/\/tls.pe\/?post_type=product&#038;p=341"},"modified":"2021-08-09T22:43:41","modified_gmt":"2021-08-10T03:43:41","slug":"funda-de-polimero-para-glock-mano-derecha-gk1","status":"publish","type":"product","link":"https:\/\/tls.pe\/index.php\/product\/funda-de-polimero-para-glock-mano-derecha-gk1\/","title":{"rendered":"Funda de Pol\u00edmero para Glock (mano derecha) - GK1"},"content":{"rendered":"<pre id=\"tw-target-text\" class=\"tw-data-text tw-text-large XcVN5d tw-ta\" dir=\"ltr\" data-placeholder=\"Traducci\u00f3n\"><span class=\"Y2IQFc\" lang=\"es\">Descripci\u00f3n\r\nCaracter\u00edsticas y Beneficios:\r\n\r\n\u2022 Pol\u00edmeros de alta tecnolog\u00eda que utilizan un solo moldeo por inyecci\u00f3n.\r\n\u2022 Dise\u00f1o \u00fanico de una pieza sin remaches.\r\n\u2022 Se sujeta m\u00e1s cerca del cuerpo que cualquier otra funda del mercado.\r\n\u2022 Sin articulaciones, tambi\u00e9n significa que no hay \u00e1reas d\u00e9biles que romper, aflojar y no golpea mientras se corre o est\u00e1 activo.\r\n\u2022 Garant\u00eda de por vida.\r\n\u2022 Inclinaci\u00f3n hacia adelante de 15 grados (estilo FBI) \u200b\u200bpara una presentaci\u00f3n t\u00e1ctica m\u00e1s agresiva.\r\n\u2022 Tornillo de ajuste de tensi\u00f3n.\r\n\u2022 Dise\u00f1ado para personal militar y policial. Ideal para civiles y oficiales fuera de servicio.\r\n\r\nFabricado en Israel.<\/span><\/pre>\n","protected":false},"excerpt":{"rendered":"<pre id=\"tw-target-text\" class=\"tw-data-text tw-text-large XcVN5d tw-ta\" dir=\"ltr\" data-placeholder=\"Traducci\u00f3n\"><span class=\"Y2IQFc\" lang=\"es\">Funda de paleta de pol\u00edmero de una pieza para pistolas Glock 17\/19\/22\/23\/25\/26\/27\/28\/31\/32\/36. \r\nCompatible con Gen 4 y Gen 5.<\/span><\/pre>\n","protected":false},"featured_media":342,"comment_status":"open","ping_status":"closed","template":"","meta":[],"product_cat":[23],"product_tag":[],"class_list":["post-341","product","type-product","status-publish","has-post-thumbnail","hentry","product_cat-defensa-personal"],"_links":{"self":[{"href":"https:\/\/tls.pe\/index.php\/wp-json\/wp\/v2\/product\/341","targetHints":{"allow":["GET"]}}],"collection":[{"href":"https:\/\/tls.pe\/index.php\/wp-json\/wp\/v2\/product"}],"about":[{"href":"https:\/\/tls.pe\/index.php\/wp-json\/wp\/v2\/types\/product"}],"replies":[{"embeddable":true,"href":"https:\/\/tls.pe\/index.php\/wp-json\/wp\/v2\/comments?post=341"}],"wp:featuredmedia":[{"embeddable":true,"href":"https:\/\/tls.pe\/index.php\/wp-json\/wp\/v2\/media\/342"}],"wp:attachment":[{"href":"https:\/\/tls.pe\/index.php\/wp-json\/wp\/v2\/media?parent=341"}],"wp:term":[{"taxonomy":"product_cat","embeddable":true,"href":"https:\/\/tls.pe\/index.php\/wp-json\/wp\/v2\/product_cat?post=341"},{"taxonomy":"product_tag","embeddable":true,"href":"https:\/\/tls.pe\/index.php\/wp-json\/wp\/v2\/product_tag?post=341"}],"curies":[{"name":"wp","href":"https:\/\/api.w.org\/{rel}","templated":true}]}}