{"id":346,"date":"2021-08-09T23:14:43","date_gmt":"2021-08-10T04:14:43","guid":{"rendered":"https:\/\/tls.pe\/?post_type=product&#038;p=346"},"modified":"2021-08-09T23:14:46","modified_gmt":"2021-08-10T04:14:46","slug":"funda-interna-polimero","status":"publish","type":"product","link":"https:\/\/tls.pe\/index.php\/product\/funda-interna-polimero\/","title":{"rendered":"Funda Interna Pol\u00edmero"},"content":{"rendered":"<pre id=\"tw-target-text\" class=\"tw-data-text tw-text-large XcVN5d tw-ta\" dir=\"ltr\" data-placeholder=\"Traducci\u00f3n\"><span class=\"Y2IQFc\" lang=\"es\">La funda de Interna de Pol\u00edmero IMI Defense es una soluci\u00f3n IWB (dentro de la cintura) simple pero eficiente y discreta para el uso diario.<\/span><\/pre>\n","protected":false},"excerpt":{"rendered":"<pre id=\"tw-target-text\" class=\"tw-data-text tw-text-large XcVN5d tw-ta\" dir=\"ltr\" data-placeholder=\"Traducci\u00f3n\"><span class=\"Y2IQFc\" lang=\"es\">La funda Interna para pistolas compactas y de tama\u00f1o completo es una soluci\u00f3n IWB (dentro de la cintura) simple pero eficiente y discreta para el uso diario.\r\nLa funda Interna est\u00e1 fabricada con nada m\u00e1s ni menos de lo que se necesita para mantener el arma de fuego en su lugar y proteger el \u00e1rea del gatillo con la m\u00e1xima comodidad y discreci\u00f3n posible.\r\nSi se usa correctamente, esta funda incluso puede mantener una pistola de tama\u00f1o completo oculta y asegurada debajo de una camisa delgada.\r\nFabricada con material de alta calidad y est\u00e1ndares de construcci\u00f3n, esta funda establece un nuevo est\u00e1ndar de opciones de transporte para nuestros clientes.\r\n\r\nUn pasador de ca\u00f1\u00f3n intercambiable le permite determinar la profundidad de la pistola debajo de la cintura.\r\nLa funda se puede convertir para llevar con la mano derecha o izquierda moviendo el pasador del ca\u00f1\u00f3n entre los dos orificios.\r\n\r\n\u2022 Se adapta a pistolas de calibre 9 mm \/ .40 \u2033 \/. 357 \u2033 \/. 38 \u2033.\r\n\r\nFabricado en Israel.<\/span><\/pre>\n","protected":false},"featured_media":337,"comment_status":"open","ping_status":"closed","template":"","meta":[],"product_cat":[23],"product_tag":[],"class_list":["post-346","product","type-product","status-publish","has-post-thumbnail","hentry","product_cat-defensa-personal"],"_links":{"self":[{"href":"https:\/\/tls.pe\/index.php\/wp-json\/wp\/v2\/product\/346","targetHints":{"allow":["GET"]}}],"collection":[{"href":"https:\/\/tls.pe\/index.php\/wp-json\/wp\/v2\/product"}],"about":[{"href":"https:\/\/tls.pe\/index.php\/wp-json\/wp\/v2\/types\/product"}],"replies":[{"embeddable":true,"href":"https:\/\/tls.pe\/index.php\/wp-json\/wp\/v2\/comments?post=346"}],"wp:featuredmedia":[{"embeddable":true,"href":"https:\/\/tls.pe\/index.php\/wp-json\/wp\/v2\/media\/337"}],"wp:attachment":[{"href":"https:\/\/tls.pe\/index.php\/wp-json\/wp\/v2\/media?parent=346"}],"wp:term":[{"taxonomy":"product_cat","embeddable":true,"href":"https:\/\/tls.pe\/index.php\/wp-json\/wp\/v2\/product_cat?post=346"},{"taxonomy":"product_tag","embeddable":true,"href":"https:\/\/tls.pe\/index.php\/wp-json\/wp\/v2\/product_tag?post=346"}],"curies":[{"name":"wp","href":"https:\/\/api.w.org\/{rel}","templated":true}]}}