{"id":349,"date":"2021-09-07T20:12:26","date_gmt":"2021-09-08T01:12:26","guid":{"rendered":"https:\/\/tls.pe\/?post_type=product&#038;p=349"},"modified":"2021-09-07T20:41:18","modified_gmt":"2021-09-08T01:41:18","slug":"pistola-de-entrenamiento-replica","status":"publish","type":"product","link":"https:\/\/tls.pe\/index.php\/product\/pistola-de-entrenamiento-replica\/","title":{"rendered":"Pistola de Entrenamiento - Replica"},"content":{"rendered":"<p>Blue Guns son la l\u00ednea m\u00e1s detallada, precisa y extensa de simuladores de entrenamiento en el mercado actual. Todos nuestros productos son r\u00e9plicas detalladas inertes de armas reales dise\u00f1adas para la aplicaci\u00f3n de la ley y el entrenamiento militar. Cada producto est\u00e1 fabricado con poliuretano fuerte y resistente a los impactos con refuerzo de acero. Esto evita la flexi\u00f3n manteniendo el detalle, el manejo y el equilibrio del arma real que representan. Cada pieza est\u00e1 fabricada en \"Law Enforcement Blue\", el color de seguridad m\u00e1s reconocido del mundo, proporcionando una alternativa realista y segura al uso de armas de fuego en situaciones de entrenamiento.<\/p>\n","protected":false},"excerpt":{"rendered":"<p>Replica de Glock 19 para entrenamiento en defensa personal.<\/p>\n<p>Material: Poliuretano<\/p>\n<p>Peso: 330 gramos<\/p>\n","protected":false},"featured_media":350,"comment_status":"open","ping_status":"closed","template":"","meta":[],"product_cat":[23],"product_tag":[],"class_list":["post-349","product","type-product","status-publish","has-post-thumbnail","hentry","product_cat-defensa-personal"],"_links":{"self":[{"href":"https:\/\/tls.pe\/index.php\/wp-json\/wp\/v2\/product\/349","targetHints":{"allow":["GET"]}}],"collection":[{"href":"https:\/\/tls.pe\/index.php\/wp-json\/wp\/v2\/product"}],"about":[{"href":"https:\/\/tls.pe\/index.php\/wp-json\/wp\/v2\/types\/product"}],"replies":[{"embeddable":true,"href":"https:\/\/tls.pe\/index.php\/wp-json\/wp\/v2\/comments?post=349"}],"wp:featuredmedia":[{"embeddable":true,"href":"https:\/\/tls.pe\/index.php\/wp-json\/wp\/v2\/media\/350"}],"wp:attachment":[{"href":"https:\/\/tls.pe\/index.php\/wp-json\/wp\/v2\/media?parent=349"}],"wp:term":[{"taxonomy":"product_cat","embeddable":true,"href":"https:\/\/tls.pe\/index.php\/wp-json\/wp\/v2\/product_cat?post=349"},{"taxonomy":"product_tag","embeddable":true,"href":"https:\/\/tls.pe\/index.php\/wp-json\/wp\/v2\/product_tag?post=349"}],"curies":[{"name":"wp","href":"https:\/\/api.w.org\/{rel}","templated":true}]}}