{"id":86,"date":"2021-07-14T21:42:26","date_gmt":"2021-07-15T02:42:26","guid":{"rendered":"https:\/\/tls.pe\/?post_type=product&#038;p=86"},"modified":"2021-10-26T15:12:08","modified_gmt":"2021-10-26T20:12:08","slug":"casco-wing57","status":"publish","type":"product","link":"https:\/\/tls.pe\/index.php\/product\/casco-wing57\/","title":{"rendered":"Casco Wing57"},"content":{"rendered":"<p>El Casco Rudy Project Wing57 es especialmente dise\u00f1ado para triatl\u00f3n y contra reloj. Es el mejor casco aerodin\u00e1mico. Este modelo destaca por una especial geometr\u00eda de la estructura con dos aberturas laterales que ayuda al enderezamiento del flujo de aire por lo tanto el aumento de la ventilaci\u00f3n en el interior del casco. Adem\u00e1s, tiene un conjunto de cubiertas frontales extra\u00edbles que ayudar\u00e1 a gestionar el flujo de aire dentro del casco y, por lo tanto, control de ventilaci\u00f3n eficiente y aerodin\u00e1mico dependiendo de las condiciones ambientales. Este casco tiene un protector de visualizaci\u00f3n integrado que proporciona un excelente volumen \u00f3ptico. Elimina los molestos reflejos y fatiga visual, para esto combina un avanzado revestimiento en la \u00f3ptica de protecci\u00f3n contra rayos UV.<\/p>\n<p>&nbsp;<\/p>\n","protected":false},"excerpt":{"rendered":"<p>Casco Wing57<\/p>\n<p>Peso 330 gramos<\/p>\n","protected":false},"featured_media":87,"comment_status":"open","ping_status":"closed","template":"","meta":[],"product_cat":[16],"product_tag":[],"class_list":["post-86","product","type-product","status-publish","has-post-thumbnail","hentry","product_cat-cascos"],"_links":{"self":[{"href":"https:\/\/tls.pe\/index.php\/wp-json\/wp\/v2\/product\/86","targetHints":{"allow":["GET"]}}],"collection":[{"href":"https:\/\/tls.pe\/index.php\/wp-json\/wp\/v2\/product"}],"about":[{"href":"https:\/\/tls.pe\/index.php\/wp-json\/wp\/v2\/types\/product"}],"replies":[{"embeddable":true,"href":"https:\/\/tls.pe\/index.php\/wp-json\/wp\/v2\/comments?post=86"}],"wp:featuredmedia":[{"embeddable":true,"href":"https:\/\/tls.pe\/index.php\/wp-json\/wp\/v2\/media\/87"}],"wp:attachment":[{"href":"https:\/\/tls.pe\/index.php\/wp-json\/wp\/v2\/media?parent=86"}],"wp:term":[{"taxonomy":"product_cat","embeddable":true,"href":"https:\/\/tls.pe\/index.php\/wp-json\/wp\/v2\/product_cat?post=86"},{"taxonomy":"product_tag","embeddable":true,"href":"https:\/\/tls.pe\/index.php\/wp-json\/wp\/v2\/product_tag?post=86"}],"curies":[{"name":"wp","href":"https:\/\/api.w.org\/{rel}","templated":true}]}}