{"id":88,"date":"2021-07-14T22:00:27","date_gmt":"2021-07-15T03:00:27","guid":{"rendered":"https:\/\/tls.pe\/?post_type=product&#038;p=88"},"modified":"2021-10-26T15:00:26","modified_gmt":"2021-10-26T20:00:26","slug":"casco-boost","status":"publish","type":"product","link":"https:\/\/tls.pe\/index.php\/product\/casco-boost\/","title":{"rendered":"Casco Boost"},"content":{"rendered":"<p>Boost 01 combina la seguridad y la aerodin\u00e1mica en un dise\u00f1o \u00fanico y potente. Boost 01 ofrece una ventilaci\u00f3n extrema y reduce el arrastre de Aero en un 12% en comparaci\u00f3n con los cascos tradicionales de carretera. Con 10 respiraderos, el Boost 01 ofrece una mejor ventilaci\u00f3n del casco en el mercado. Los nuevos canales de aire internos ayudan a guiar y acelerar el flujo de aire fuera de la parte trasera del casco este casco tambi\u00e9n viene de serie con un escudo \u00f3ptico extra\u00edble que se conecta con un sistema magn\u00e9tico abatible<\/p>\n","protected":false},"excerpt":{"rendered":"<p>Casco Boost<\/p>\n<p>Talla S\/M<\/p>\n<p>Color White\/Red<\/p>\n<p>Peso 280 gramos<\/p>\n","protected":false},"featured_media":92,"comment_status":"open","ping_status":"closed","template":"","meta":[],"product_cat":[16],"product_tag":[],"class_list":["post-88","product","type-product","status-publish","has-post-thumbnail","hentry","product_cat-cascos"],"_links":{"self":[{"href":"https:\/\/tls.pe\/index.php\/wp-json\/wp\/v2\/product\/88","targetHints":{"allow":["GET"]}}],"collection":[{"href":"https:\/\/tls.pe\/index.php\/wp-json\/wp\/v2\/product"}],"about":[{"href":"https:\/\/tls.pe\/index.php\/wp-json\/wp\/v2\/types\/product"}],"replies":[{"embeddable":true,"href":"https:\/\/tls.pe\/index.php\/wp-json\/wp\/v2\/comments?post=88"}],"wp:featuredmedia":[{"embeddable":true,"href":"https:\/\/tls.pe\/index.php\/wp-json\/wp\/v2\/media\/92"}],"wp:attachment":[{"href":"https:\/\/tls.pe\/index.php\/wp-json\/wp\/v2\/media?parent=88"}],"wp:term":[{"taxonomy":"product_cat","embeddable":true,"href":"https:\/\/tls.pe\/index.php\/wp-json\/wp\/v2\/product_cat?post=88"},{"taxonomy":"product_tag","embeddable":true,"href":"https:\/\/tls.pe\/index.php\/wp-json\/wp\/v2\/product_tag?post=88"}],"curies":[{"name":"wp","href":"https:\/\/api.w.org\/{rel}","templated":true}]}}